{"id":433,"date":"2025-09-29T22:55:36","date_gmt":"2025-09-29T22:55:36","guid":{"rendered":"https:\/\/groupeagria.fr\/?page_id=433"},"modified":"2026-01-28T16:33:37","modified_gmt":"2026-01-28T16:33:37","slug":"mentions-legales","status":"publish","type":"page","link":"https:\/\/groupeagria.fr\/index.php\/mentions-legales\/","title":{"rendered":"Mentions L\u00e9gales"},"content":{"rendered":"<p>[et_pb_section fb_built=\u00a0\u00bb1&Prime; _builder_version=\u00a0\u00bb4.27.4&Prime; _module_preset=\u00a0\u00bbdefault\u00a0\u00bb global_colors_info=\u00a0\u00bb{}\u00a0\u00bb][et_pb_row _builder_version=\u00a0\u00bb4.27.4&Prime; _module_preset=\u00a0\u00bbdefault\u00a0\u00bb global_colors_info=\u00a0\u00bb{}\u00a0\u00bb][et_pb_column type=\u00a0\u00bb4_4&Prime; _builder_version=\u00a0\u00bb4.27.4&Prime; _module_preset=\u00a0\u00bbdefault\u00a0\u00bb global_colors_info=\u00a0\u00bb{}\u00a0\u00bb][et_pb_image src=\u00a0\u00bbhttps:\/\/groupeagria.fr\/wp-content\/uploads\/2025\/09\/mockupt-site.jpg\u00a0\u00bb title_text=\u00a0\u00bbmockupt-site\u00a0\u00bb _builder_version=\u00a0\u00bb4.27.4&Prime; _module_preset=\u00a0\u00bbdefault\u00a0\u00bb global_colors_info=\u00a0\u00bb{}\u00a0\u00bb][\/et_pb_image][\/et_pb_column][\/et_pb_row][et_pb_row _builder_version=\u00a0\u00bb4.27.4&Prime; _module_preset=\u00a0\u00bbdefault\u00a0\u00bb global_colors_info=\u00a0\u00bb{}\u00a0\u00bb][et_pb_column type=\u00a0\u00bb4_4&Prime; _builder_version=\u00a0\u00bb4.27.4&Prime; _module_preset=\u00a0\u00bbdefault\u00a0\u00bb global_colors_info=\u00a0\u00bb{}\u00a0\u00bb][et_pb_text _builder_version=\u00a0\u00bb4.27.4&Prime; _module_preset=\u00a0\u00bbdefault\u00a0\u00bb header_font=\u00a0\u00bbCormorant Infant|600|||||||\u00a0\u00bb header_text_color=\u00a0\u00bb#821072&Prime; global_colors_info=\u00a0\u00bb{}\u00a0\u00bb]<\/p>\n<h1>Mentions L\u00e9gales<\/h1>\n<p>[\/et_pb_text][et_pb_text _builder_version=\u00a0\u00bb4.27.5&Prime; _module_preset=\u00a0\u00bbdefault\u00a0\u00bb hover_enabled=\u00a0\u00bb0&Prime; global_colors_info=\u00a0\u00bb{}\u00a0\u00bb sticky_enabled=\u00a0\u00bb0&Prime;]<\/p>\n<p class=\"p1\"><strong>Nom de la soci\u00e9t\u00e9\u00a0:<\/strong><br \/>GAP GROUPE AGRIA PROVENCE<\/p>\n<p class=\"p1\"><strong>Adresse postale du si\u00e8ge social\u00a0:<\/strong><br \/>ZA La Lauve, Migranon, 83790 PIGNANS<\/p>\n<p class=\"p1\"><strong>SIREN\u00a0:<\/strong> 938\u00a0965\u00a0845<\/p>\n<p class=\"p1\"><strong>N\u00b0 t\u00e9l\u00e9phone\u00a0:<\/strong> 04.98.01.81.60<\/p>\n<p class=\"p1\"><strong>Adresse internet\u00a0:<\/strong><br \/>https:\/\/www.groupeagria.fr\/<\/p>\n<p class=\"p1\"><strong>Nom du site<span class=\"s1\">\u00a0<\/span>:<\/strong> \u00ab\u00a0groupeagria.fr\u00a0\u00bb.<\/p>\n<p class=\"p1\"><strong>Directeur de la publication\u00a0:<\/strong> GAP Groupe Agria Provence<\/p>\n<p class=\"p1\"><strong>H\u00e9bergeur du site\u00a0:<\/strong> OVH SAS<br \/><strong>Nom de l\u2019h\u00e9bergeur :<\/strong> OVH SAS<br \/><strong>Raison sociale :<\/strong> OVH SAS<br \/><strong>Adresse :<\/strong> 2 rue Kellermann, 59100 Roubaix, France<\/p>\n<p class=\"p2\">\n<p class=\"p2\">\n<p class=\"p1\">Toute notification r\u00e9alis\u00e9e en application de l&rsquo;article 6.I-5 (dernier tiret) de la loi du 21 juin 2004 pour la confiance dans l&rsquo;\u00e9conomie num\u00e9rique doit \u00eatre adress\u00e9e en recommand\u00e9 avec demande d&rsquo;avis de r\u00e9ception \u00e0 l\u2019h\u00e9bergeur du Site \u00ab<span class=\"s1\">\u00a0<\/span>groupeagria.fr<span class=\"s1\">\u00a0<\/span>\u00bb ci-dessus d\u00e9sign\u00e9.<\/p>\n<p>[\/et_pb_text][et_pb_text _builder_version=\u00a0\u00bb4.27.5&Prime; _module_preset=\u00a0\u00bbdefault\u00a0\u00bb header_2_font=\u00a0\u00bbCormorant Infant|700|||||||\u00a0\u00bb header_2_text_color=\u00a0\u00bb#821072&Prime; header_3_font=\u00a0\u00bbCormorant Infant|700|||||||\u00a0\u00bb header_3_text_color=\u00a0\u00bb#821072&Prime; hover_enabled=\u00a0\u00bb0&Prime; global_colors_info=\u00a0\u00bb{}\u00a0\u00bb disabled_on=\u00a0\u00bbon|on|on\u00a0\u00bb disabled=\u00a0\u00bbon\u00a0\u00bb sticky_enabled=\u00a0\u00bb0&Prime;]<\/p>\n<h2 data-start=\"381\" data-end=\"453\">Politique de confidentialit\u00e9 et protection des donn\u00e9es personnelles<\/h2>\n<p data-start=\"454\" data-end=\"506\"><strong data-start=\"454\" data-end=\"470\">Groupe Agria<\/strong><br data-start=\"470\" data-end=\"473\" \/>Derni\u00e8re mise \u00e0 jour : <em data-start=\"496\" data-end=\"504\">30\/09\/2025<\/em><\/p>\n<h3 data-start=\"508\" data-end=\"537\">1. Objet \/ Introduction<\/h3>\n<p data-start=\"538\" data-end=\"989\">La pr\u00e9sente politique de confidentialit\u00e9 a pour objectif d\u2019informer les utilisateurs du site <strong data-start=\"631\" data-end=\"649\">groupeagria.fr<\/strong> (ci-apr\u00e8s le \u00ab Site \u00bb) des modalit\u00e9s de collecte, d\u2019utilisation, de stockage et de protection des donn\u00e9es personnelles les concernant, en conformit\u00e9 avec le R\u00e8glement (UE) 2016\/679 relatif \u00e0 la protection des personnes \u00e0 l\u2019\u00e9gard du traitement des donn\u00e9es \u00e0 caract\u00e8re personnel (le \u00ab RGPD \u00bb) et la loi \u00ab Informatique et Libert\u00e9s \u00bb modifi\u00e9e.<\/p>\n<p data-start=\"991\" data-end=\"1110\">En utilisant le Site, vous acceptez la collecte et l\u2019utilisation de vos donn\u00e9es telle que d\u00e9crite dans cette politique.<\/p>\n<hr data-start=\"1112\" data-end=\"1115\" \/>\n<h3 data-start=\"1117\" data-end=\"1151\">2. Responsable de traitement<\/h3>\n<p data-start=\"1152\" data-end=\"1321\">Responsable de traitement :<br data-start=\"1179\" data-end=\"1182\" \/><strong data-start=\"1182\" data-end=\"1198\">Groupe Agria<\/strong><br data-start=\"1198\" data-end=\"1201\" \/>Adresse : <span>Zone Artisanale La Lauve Quartier Migranon<\/span><br \/><span>83790 PIGNANS<\/span><br data-start=\"1247\" data-end=\"1250\" \/>T\u00e9l :04 98 01 81 60<br \/>E-mail : <a href=\"https:\/\/web.archive.org\/web\/20241112070930\/mailto:commercial@agriaprovence.fr\">groupeagria@agriaprovence.fr<\/a><\/p>\n<p data-start=\"1323\" data-end=\"1449\">Le responsable de traitement est l\u2019entit\u00e9 qui d\u00e9termine les finalit\u00e9s et les moyens du traitement de vos donn\u00e9es personnelles.<\/p>\n<hr data-start=\"1622\" data-end=\"1625\" \/>\n<h3 data-start=\"1627\" data-end=\"1654\">3. Donn\u00e9es collect\u00e9es<\/h3>\n<p data-start=\"1655\" data-end=\"1728\">Nous pouvons collecter les cat\u00e9gories de donn\u00e9es personnelles suivantes :<\/p>\n<div class=\"_tableContainer_1rjym_1\">\n<div class=\"group _tableWrapper_1rjym_13 flex w-fit flex-col-reverse\" tabindex=\"-1\">\n<table data-start=\"1730\" data-end=\"2453\" class=\"w-fit min-w-(--thread-content-width)\">\n<thead data-start=\"1730\" data-end=\"1798\">\n<tr data-start=\"1730\" data-end=\"1798\">\n<th data-start=\"1730\" data-end=\"1753\" data-col-size=\"sm\">Cat\u00e9gorie de donn\u00e9es<\/th>\n<th data-start=\"1753\" data-end=\"1764\" data-col-size=\"md\">Exemples<\/th>\n<th data-start=\"1764\" data-end=\"1798\" data-col-size=\"md\">Source \/ modalit\u00e9s de collecte<\/th>\n<\/tr>\n<\/thead>\n<tbody data-start=\"1813\" data-end=\"2453\">\n<tr data-start=\"1813\" data-end=\"1955\">\n<td data-start=\"1813\" data-end=\"1835\" data-col-size=\"sm\">Identit\u00e9 et contact<\/td>\n<td data-start=\"1835\" data-end=\"1877\" data-col-size=\"md\">nom, pr\u00e9nom, adresse, e-mail, t\u00e9l\u00e9phone<\/td>\n<td data-col-size=\"md\" data-start=\"1877\" data-end=\"1955\">formulaires de contact, inscription newsletter, commande, \u00e9change de mails<\/td>\n<\/tr>\n<tr data-start=\"1956\" data-end=\"2131\">\n<td data-start=\"1956\" data-end=\"1992\" data-col-size=\"sm\">Donn\u00e9es de connexion \/ navigation<\/td>\n<td data-start=\"1992\" data-end=\"2073\" data-col-size=\"md\">adresse IP, type de navigateur, pages visit\u00e9es, dur\u00e9e de session, logs serveur<\/td>\n<td data-col-size=\"md\" data-start=\"2073\" data-end=\"2131\">collecte automatique via cookies \/ journaux techniques<\/td>\n<\/tr>\n<tr data-start=\"2132\" data-end=\"2241\">\n<td data-start=\"2132\" data-end=\"2157\" data-col-size=\"sm\">Donn\u00e9es de transaction<\/td>\n<td data-start=\"2157\" data-end=\"2207\" data-col-size=\"md\">historique des commandes, montants, facturation<\/td>\n<td data-col-size=\"md\" data-start=\"2207\" data-end=\"2241\">lors de vos achats sur le Site<\/td>\n<\/tr>\n<tr data-start=\"2242\" data-end=\"2346\">\n<td data-start=\"2242\" data-end=\"2269\" data-col-size=\"sm\">Donn\u00e9es de communication<\/td>\n<td data-start=\"2269\" data-end=\"2311\" data-col-size=\"md\">\u00e9changes via messagerie, support client<\/td>\n<td data-start=\"2311\" data-end=\"2346\" data-col-size=\"md\">messages que vous nous adressez<\/td>\n<\/tr>\n<tr data-start=\"2347\" data-end=\"2453\">\n<td data-start=\"2347\" data-end=\"2367\" data-col-size=\"sm\">Donn\u00e9es marketing<\/td>\n<td data-col-size=\"md\" data-start=\"2367\" data-end=\"2400\">pr\u00e9f\u00e9rences, centres d\u2019int\u00e9r\u00eat<\/td>\n<td data-col-size=\"md\" data-start=\"2400\" data-end=\"2453\">analyses (avec votre consentement lorsque requis)<\/td>\n<\/tr>\n<\/tbody>\n<\/table>\n<\/div>\n<\/div>\n<p data-start=\"2455\" data-end=\"2623\"><strong data-start=\"2455\" data-end=\"2476\">Donn\u00e9es sensibles<\/strong> : Nous ne collectons pas de donn\u00e9es sensibles (origine raciale ou ethnique, opinions politiques, croyances religieuses, donn\u00e9es de sant\u00e9, etc.).<\/p>\n<hr data-start=\"2625\" data-end=\"2628\" \/>\n<h3 data-start=\"2630\" data-end=\"2681\">4. Finalit\u00e9s et bases l\u00e9gales des traitements<\/h3>\n<p data-start=\"2682\" data-end=\"2738\">Nous traitons vos donn\u00e9es pour les finalit\u00e9s suivantes :<\/p>\n<div class=\"_tableContainer_1rjym_1\">\n<div class=\"group _tableWrapper_1rjym_13 flex w-fit flex-col-reverse\" tabindex=\"-1\">\n<table data-start=\"2740\" data-end=\"3453\" class=\"w-fit min-w-(--thread-content-width)\">\n<thead data-start=\"2740\" data-end=\"2803\">\n<tr data-start=\"2740\" data-end=\"2803\">\n<th data-start=\"2740\" data-end=\"2751\" data-col-size=\"md\">Finalit\u00e9<\/th>\n<th data-start=\"2751\" data-end=\"2772\" data-col-size=\"sm\">Donn\u00e9es concern\u00e9es<\/th>\n<th data-start=\"2772\" data-end=\"2803\" data-col-size=\"md\">Base l\u00e9gale \/ justification<\/th>\n<\/tr>\n<\/thead>\n<tbody data-start=\"2818\" data-end=\"3453\">\n<tr data-start=\"2818\" data-end=\"2946\">\n<td data-start=\"2818\" data-end=\"2865\" data-col-size=\"md\">Gestion des demandes de contact \/ formulaire<\/td>\n<td data-col-size=\"sm\" data-start=\"2865\" data-end=\"2887\">nom, email, message<\/td>\n<td data-col-size=\"md\" data-start=\"2887\" data-end=\"2946\">ex\u00e9cution d\u2019une d\u00e9marche pr\u00e9contractuelle, consentement<\/td>\n<\/tr>\n<tr data-start=\"2947\" data-end=\"3052\">\n<td data-start=\"2947\" data-end=\"2986\" data-col-size=\"md\">Gestion des commandes \/ transactions<\/td>\n<td data-start=\"2986\" data-end=\"3028\" data-col-size=\"sm\">identit\u00e9, adresse, paiement, historique<\/td>\n<td data-col-size=\"md\" data-start=\"3028\" data-end=\"3052\">ex\u00e9cution de contrat<\/td>\n<\/tr>\n<tr data-start=\"3053\" data-end=\"3141\">\n<td data-start=\"3053\" data-end=\"3083\" data-col-size=\"md\">Facturation et comptabilit\u00e9<\/td>\n<td data-start=\"3083\" data-end=\"3120\" data-col-size=\"sm\">nom, adresse, montants, r\u00e9f\u00e9rences<\/td>\n<td data-start=\"3120\" data-end=\"3141\" data-col-size=\"md\">obligation l\u00e9gale<\/td>\n<\/tr>\n<tr data-start=\"3142\" data-end=\"3260\">\n<td data-start=\"3142\" data-end=\"3185\" data-col-size=\"md\">Communication \/ newsletter \/ prospection<\/td>\n<td data-start=\"3185\" data-end=\"3212\" data-col-size=\"sm\">e-mail, nom, pr\u00e9f\u00e9rences<\/td>\n<td data-col-size=\"md\" data-start=\"3212\" data-end=\"3260\">consentement (possibilit\u00e9 de se d\u00e9sinscrire)<\/td>\n<\/tr>\n<tr data-start=\"3261\" data-end=\"3378\">\n<td data-start=\"3261\" data-end=\"3298\" data-col-size=\"md\">Analytics \/ statistiques de visite<\/td>\n<td data-start=\"3298\" data-end=\"3322\" data-col-size=\"sm\">donn\u00e9es de navigation<\/td>\n<td data-col-size=\"md\" data-start=\"3322\" data-end=\"3378\">int\u00e9r\u00eat l\u00e9gitime ou consentement selon le traitement<\/td>\n<\/tr>\n<tr data-start=\"3379\" data-end=\"3453\">\n<td data-start=\"3379\" data-end=\"3413\" data-col-size=\"md\">S\u00e9curit\u00e9 \/ pr\u00e9vention de fraude<\/td>\n<td data-start=\"3413\" data-end=\"3433\" data-col-size=\"sm\">logs, adresses IP<\/td>\n<td data-start=\"3433\" data-end=\"3453\" data-col-size=\"md\">int\u00e9r\u00eat l\u00e9gitime<\/td>\n<\/tr>\n<\/tbody>\n<\/table>\n<\/div>\n<\/div>\n<p data-start=\"3455\" data-end=\"3619\">Lorsque le traitement repose sur le consentement, vous avez le droit de retirer ce consentement \u00e0 tout moment, sans compromettre la lic\u00e9it\u00e9 du traitement ant\u00e9rieur.<\/p>\n<hr data-start=\"3621\" data-end=\"3624\" \/>\n<h3 data-start=\"3626\" data-end=\"3668\">5. Dur\u00e9e de conservation des donn\u00e9es<\/h3>\n<p data-start=\"3669\" data-end=\"3811\">Vos donn\u00e9es sont conserv\u00e9es pendant une dur\u00e9e n\u2019exc\u00e9dant pas celle n\u00e9cessaire aux finalit\u00e9s pour lesquelles elles sont trait\u00e9es. En pratique :<\/p>\n<ul data-start=\"3813\" data-end=\"4100\">\n<li data-start=\"3813\" data-end=\"3885\">\n<p data-start=\"3815\" data-end=\"3885\">Donn\u00e9es de contact \/ formulaire : <strong data-start=\"3849\" data-end=\"3858\">3 ans<\/strong> apr\u00e8s le dernier contact<\/p>\n<\/li>\n<li data-start=\"3886\" data-end=\"3954\">\n<p data-start=\"3888\" data-end=\"3954\">Donn\u00e9es de transaction \/ facturation : <strong data-start=\"3927\" data-end=\"3937\">10 ans<\/strong> (dur\u00e9e l\u00e9gale)<\/p>\n<\/li>\n<li data-start=\"3955\" data-end=\"4040\">\n<p data-start=\"3957\" data-end=\"4040\">Donn\u00e9es de navigation \/ analytics : <strong data-start=\"3993\" data-end=\"4004\">13 mois<\/strong> (ou selon les r\u00e8gles applicables)<\/p>\n<\/li>\n<li data-start=\"4041\" data-end=\"4100\">\n<p data-start=\"4043\" data-end=\"4100\">Donn\u00e9es marketing \/ newsletter : jusqu\u2019\u00e0 d\u00e9sinscription<\/p>\n<\/li>\n<\/ul>\n<p data-start=\"4102\" data-end=\"4185\">Apr\u00e8s ce d\u00e9lai, les donn\u00e9es sont supprim\u00e9es ou rendues anonymes de fa\u00e7on s\u00e9curis\u00e9e.<\/p>\n<hr data-start=\"4187\" data-end=\"4190\" \/>\n<h3 data-start=\"4192\" data-end=\"4234\">6. Destinataires des donn\u00e9es \/ tiers<\/h3>\n<p data-start=\"4235\" data-end=\"4316\">Vos donn\u00e9es peuvent \u00eatre communiqu\u00e9es aux cat\u00e9gories de destinataires suivantes :<\/p>\n<ul data-start=\"4318\" data-end=\"4605\">\n<li data-start=\"4318\" data-end=\"4380\">\n<p data-start=\"4320\" data-end=\"4380\">\u00c9quipes internes (service client, comptabilit\u00e9, marketing)<\/p>\n<\/li>\n<li data-start=\"4381\" data-end=\"4487\">\n<p data-start=\"4383\" data-end=\"4487\">Prestataires \/ sous-traitants (h\u00e9bergement, services de paiement, outils d\u2019emailing, outils d\u2019analyse)<\/p>\n<\/li>\n<li data-start=\"4488\" data-end=\"4530\">\n<p data-start=\"4490\" data-end=\"4530\">Autorit\u00e9s publiques, si la loi l\u2019exige<\/p>\n<\/li>\n<li data-start=\"4531\" data-end=\"4605\">\n<p data-start=\"4533\" data-end=\"4605\">Parties li\u00e9es ou partenaires pour l\u2019ex\u00e9cution de certaines prestations<\/p>\n<\/li>\n<\/ul>\n<p data-start=\"4607\" data-end=\"4724\">Chaque prestataire est soumis \u00e0 des obligations contractuelles strictes (confidentialit\u00e9, s\u00e9curit\u00e9, respect du RGPD).<\/p>\n<hr data-start=\"4726\" data-end=\"4729\" \/>\n<h3 data-start=\"4731\" data-end=\"4769\">7. Transferts de donn\u00e9es hors UE<\/h3>\n<p data-start=\"4770\" data-end=\"5004\">Si vos donn\u00e9es sont transf\u00e9r\u00e9es hors de l\u2019Union europ\u00e9enne (par exemple vers un prestataire h\u00e9berg\u00e9 hors UE), cela sera fait dans le respect des garanties pr\u00e9vues par le RGPD (clause contractuelle type, d\u00e9cision d\u2019ad\u00e9quation, etc.).<\/p>\n<p data-start=\"5006\" data-end=\"5123\">Nous vous informerons dans ce cas de ce transfert et des mesures prises pour assurer un niveau de protection ad\u00e9quat.<\/p>\n<hr data-start=\"5125\" data-end=\"5128\" \/>\n<h3 data-start=\"5130\" data-end=\"5158\">8. Cookies et traceurs<\/h3>\n<p data-start=\"5159\" data-end=\"5218\">Le Site utilise des cookies ou autres traceurs \u00e0 des fins :<\/p>\n<ul data-start=\"5220\" data-end=\"5333\">\n<li data-start=\"5220\" data-end=\"5271\">\n<p data-start=\"5222\" data-end=\"5271\">Strictement n\u00e9cessaires (ex. session, s\u00e9curit\u00e9)<\/p>\n<\/li>\n<li data-start=\"5272\" data-end=\"5300\">\n<p data-start=\"5274\" data-end=\"5300\">Analytics \/ statistiques<\/p>\n<\/li>\n<li data-start=\"5301\" data-end=\"5333\">\n<p data-start=\"5303\" data-end=\"5333\">Marketing \/ publicit\u00e9 cibl\u00e9e<\/p>\n<\/li>\n<\/ul>\n<p data-start=\"5335\" data-end=\"5609\">Vous avez la possibilit\u00e9 de g\u00e9rer vos pr\u00e9f\u00e9rences de cookies via une banni\u00e8re ou un outil de param\u00e9trage accessible sur le site.<br data-start=\"5463\" data-end=\"5466\" \/>Vous pouvez \u00e9galement configurer votre navigateur pour refuser ou supprimer les cookies (cela peut affecter certaines fonctionnalit\u00e9s du site).<\/p>\n<hr data-start=\"5611\" data-end=\"5614\" \/>\n<h3 data-start=\"5616\" data-end=\"5645\">9. S\u00e9curit\u00e9 des donn\u00e9es<\/h3>\n<p data-start=\"5646\" data-end=\"5854\">Nous mettons en \u0153uvre des mesures techniques et organisationnelles adapt\u00e9es pour assurer la s\u00e9curit\u00e9, l\u2019int\u00e9grit\u00e9 et la confidentialit\u00e9 des donn\u00e9es (chiffrement, acc\u00e8s restreint, sauvegardes, audits, etc.).<\/p>\n<p data-start=\"5856\" data-end=\"6046\">En cas de violation de donn\u00e9es personnelles susceptible d\u2019engendrer un risque pour les droits et libert\u00e9s, nous informerons la CNIL et les personnes concern\u00e9es selon les obligations l\u00e9gales.<\/p>\n<hr data-start=\"6048\" data-end=\"6051\" \/>\n<h3 data-start=\"6053\" data-end=\"6104\">10. Vos droits en tant que personne concern\u00e9e<\/h3>\n<p data-start=\"6105\" data-end=\"6162\">Conform\u00e9ment au RGPD, vous disposez des droits suivants :<\/p>\n<ul data-start=\"6164\" data-end=\"7015\">\n<li data-start=\"6164\" data-end=\"6266\">\n<p data-start=\"6166\" data-end=\"6266\"><strong data-start=\"6166\" data-end=\"6183\">Droit d\u2019acc\u00e8s<\/strong> : obtenir la confirmation que vos donn\u00e9es sont trait\u00e9es, et en obtenir une copie<\/p>\n<\/li>\n<li data-start=\"6267\" data-end=\"6345\">\n<p data-start=\"6269\" data-end=\"6345\"><strong data-start=\"6269\" data-end=\"6295\">Droit de rectification<\/strong> : corriger les donn\u00e9es inexactes ou incompl\u00e8tes<\/p>\n<\/li>\n<li data-start=\"6346\" data-end=\"6471\">\n<p data-start=\"6348\" data-end=\"6471\"><strong data-start=\"6348\" data-end=\"6390\">Droit \u00e0 l\u2019effacement (droit \u00e0 l\u2019oubli)<\/strong> : demander la suppression de vos donn\u00e9es, sous r\u00e9serve des obligations l\u00e9gales<\/p>\n<\/li>\n<li data-start=\"6472\" data-end=\"6581\">\n<p data-start=\"6474\" data-end=\"6581\"><strong data-start=\"6474\" data-end=\"6513\">Droit \u00e0 la limitation du traitement<\/strong> : restreindre l\u2019usage de vos donn\u00e9es dans certaines circonstances<\/p>\n<\/li>\n<li data-start=\"6582\" data-end=\"6702\">\n<p data-start=\"6584\" data-end=\"6702\"><strong data-start=\"6584\" data-end=\"6610\">Droit \u00e0 la portabilit\u00e9<\/strong> : recevoir vos donn\u00e9es dans un format structur\u00e9 et les transmettre \u00e0 un autre responsable<\/p>\n<\/li>\n<li data-start=\"6703\" data-end=\"6823\">\n<p data-start=\"6705\" data-end=\"6823\"><strong data-start=\"6705\" data-end=\"6727\">Droit d\u2019opposition<\/strong> : vous opposer \u00e0 un traitement fond\u00e9 sur l\u2019int\u00e9r\u00eat l\u00e9gitime ou \u00e0 des fins de marketing direct<\/p>\n<\/li>\n<li data-start=\"6824\" data-end=\"6921\">\n<p data-start=\"6826\" data-end=\"6921\"><strong data-start=\"6826\" data-end=\"6865\">Droit de retirer votre consentement<\/strong> : lorsque le traitement est fond\u00e9 sur le consentement<\/p>\n<\/li>\n<li data-start=\"6922\" data-end=\"7015\">\n<p data-start=\"6924\" data-end=\"7015\"><strong data-start=\"6924\" data-end=\"6980\">Droit d\u2019introduire une r\u00e9clamation aupr\u00e8s de la CNIL<\/strong> si vous estimez vos droits l\u00e9s\u00e9s<\/p>\n<\/li>\n<\/ul>\n<p data-start=\"7017\" data-end=\"7165\">Pour exercer ces droits, vous pouvez contacter :<br data-start=\"7065\" data-end=\"7068\" \/>E-mail : <em data-start=\"7077\" data-end=\"7115\">[adresse email du responsable \/ DPO]<\/em><br data-start=\"7115\" data-end=\"7118\" \/>Adresse postale : <em data-start=\"7136\" data-end=\"7163\">[adresse de l\u2019entreprise]<\/em><\/p>\n<p data-start=\"7167\" data-end=\"7274\">Nous nous efforcerons de r\u00e9pondre dans un d\u00e9lai d\u2019un mois (pouvant \u00eatre prolong\u00e9 dans certains cas l\u00e9gaux).<\/p>\n<hr data-start=\"7276\" data-end=\"7279\" \/>\n<h3 data-start=\"7281\" data-end=\"7339\">11. Modifications de la politique de confidentialit\u00e9<\/h3>\n<p data-start=\"7340\" data-end=\"7645\">Nous nous r\u00e9servons le droit de modifier cette politique de confidentialit\u00e9 \u00e0 tout moment. La version modifi\u00e9e sera publi\u00e9e sur le Site avec une date de mise \u00e0 jour.<br data-start=\"7505\" data-end=\"7508\" \/>En cas de modifications substantielles, vous serez inform\u00e9 par voie d\u2019une notification appropri\u00e9e (ex. via e-mail ou alerte sur le site).<\/p>\n<hr data-start=\"7647\" data-end=\"7650\" \/>\n<h3 data-start=\"7652\" data-end=\"7694\">12. Mentions l\u00e9gales compl\u00e9mentaires<\/h3>\n<p data-start=\"7695\" data-end=\"7891\">Cette politique de confidentialit\u00e9 compl\u00e8te les mentions l\u00e9gales du site (\u00e9diteur, h\u00e9bergeur, etc.). En cas de contradiction, les dispositions les plus protectrices pour l\u2019utilisateur pr\u00e9vaudront.<\/p>\n<p>[\/et_pb_text][\/et_pb_column][\/et_pb_row][\/et_pb_section]<\/p>\n","protected":false},"excerpt":{"rendered":"<p>Mentions L\u00e9galesNom de la soci\u00e9t\u00e9\u00a0:GAP GROUPE AGRIA PROVENCE Adresse postale du si\u00e8ge social\u00a0:ZA La Lauve, Migranon, 83790 PIGNANS SIREN\u00a0: 938\u00a0965\u00a0845 N\u00b0 t\u00e9l\u00e9phone\u00a0: 04.98.01.81.60 Adresse internet\u00a0:https:\/\/www.groupeagria.fr\/ Nom du site\u00a0: \u00ab\u00a0groupeagria.fr\u00a0\u00bb. Directeur de la publication\u00a0: GAP Groupe Agria Provence H\u00e9bergeur du site\u00a0: OVH SASNom de l\u2019h\u00e9bergeur : OVH SASRaison sociale : OVH SASAdresse : 2 rue Kellermann, [&hellip;]<\/p>\n","protected":false},"author":2,"featured_media":0,"parent":0,"menu_order":0,"comment_status":"closed","ping_status":"closed","template":"","meta":{"_et_pb_use_builder":"on","_et_pb_old_content":"","_et_gb_content_width":"","footnotes":""},"class_list":["post-433","page","type-page","status-publish","hentry"],"_links":{"self":[{"href":"https:\/\/groupeagria.fr\/index.php\/wp-json\/wp\/v2\/pages\/433","targetHints":{"allow":["GET"]}}],"collection":[{"href":"https:\/\/groupeagria.fr\/index.php\/wp-json\/wp\/v2\/pages"}],"about":[{"href":"https:\/\/groupeagria.fr\/index.php\/wp-json\/wp\/v2\/types\/page"}],"author":[{"embeddable":true,"href":"https:\/\/groupeagria.fr\/index.php\/wp-json\/wp\/v2\/users\/2"}],"replies":[{"embeddable":true,"href":"https:\/\/groupeagria.fr\/index.php\/wp-json\/wp\/v2\/comments?post=433"}],"version-history":[{"count":4,"href":"https:\/\/groupeagria.fr\/index.php\/wp-json\/wp\/v2\/pages\/433\/revisions"}],"predecessor-version":[{"id":477,"href":"https:\/\/groupeagria.fr\/index.php\/wp-json\/wp\/v2\/pages\/433\/revisions\/477"}],"wp:attachment":[{"href":"https:\/\/groupeagria.fr\/index.php\/wp-json\/wp\/v2\/media?parent=433"}],"curies":[{"name":"wp","href":"https:\/\/api.w.org\/{rel}","templated":true}]}}